{"id":176,"date":"2012-06-12T01:10:57","date_gmt":"2012-06-11T22:10:57","guid":{"rendered":"http:\/\/laplumedutampon.fr\/?page_id=176"},"modified":"2025-09-23T12:37:32","modified_gmt":"2025-09-23T09:37:32","slug":"membres-du-bureau","status":"publish","type":"page","link":"http:\/\/laplumedutampon.fr\/?page_id=176","title":{"rendered":"Membres du bureau"},"content":{"rendered":"<h3 style=\"text-align: center;\"><strong><span style=\"color: #000000;\">Pour plus de renseignement, n&rsquo;h\u00e9sitez pas \u00e0 contacter un membre du Bureau par mail \u00e0 <span style=\"color: #0000ff;\">laplumedutampon@gmail.com<\/span><\/span><\/strong><\/h3>\n<hr \/>\n<h5><span style=\"color: #000000;\"><strong>BUREAU :<\/strong><\/span><\/h5>\n<h5><span style=\"color: #000000;\">&#8211; Pr\u00e9sident &#8211; Ivan B.<\/span><\/h5>\n<h5><span style=\"color: #000000;\">&#8211; Vice-Pr\u00e9sident &#8211; Simon N.<\/span><\/h5>\n<h5><span style=\"color: #000000;\">&#8211; Vice-Pr\u00e9sidente -Mathilde F.<\/span><\/h5>\n<h5><span style=\"color: #000000;\">&#8211; Tr\u00e9sorier\u00a0&#8211;\u00a0Nathan C.\u00a0<\/span><\/h5>\n<h5><span style=\"color: #000000;\">&#8211; Tr\u00e9sori\u00e8re adjointe &#8211; M\u00e9lina R.<\/span><\/h5>\n<h5><span style=\"color: #000000;\">&#8211; Secr\u00e9taire &#8211;\u00a0Murielle F.\u00a0<\/span><\/h5>\n<h5><span style=\"color: #000000;\">&#8211; Secr\u00e9taire adjoint &#8211; David L.<\/span><\/h5>\n","protected":false},"excerpt":{"rendered":"<p>Pour plus de renseignement, n&rsquo;h\u00e9sitez pas \u00e0 contacter un membre du Bureau par mail \u00e0 laplumedutampon@gmail.com<\/p>\n<p>BUREAU :<br \/>\n&#8211; Pr\u00e9sident &#8211; Ivan B.<br \/>\n&#8211; Vice-Pr\u00e9sident &#8211; Simon N.<br \/>\n&#8211; Vice-Pr\u00e9sidente -Mathilde F.<br \/>\n&#8211; Tr\u00e9sorier\u00a0&#8211;\u00a0Nathan C.\u00a0<br \/>\n&#8211; Tr\u00e9sori\u00e8re adjointe &#8211; M\u00e9lina R.<br \/>\n&#8211; Secr\u00e9taire &#8211;\u00a0Murielle F.\u00a0<br \/>\n&#8211; Secr\u00e9taire adjoint &#8211; David L.<\/p>\n","protected":false},"author":1,"featured_media":0,"parent":0,"menu_order":1,"comment_status":"closed","ping_status":"closed","template":"","meta":{"footnotes":""},"class_list":["post-176","page","type-page","status-publish","hentry","nodate","item-wrap"],"_links":{"self":[{"href":"http:\/\/laplumedutampon.fr\/index.php?rest_route=\/wp\/v2\/pages\/176","targetHints":{"allow":["GET"]}}],"collection":[{"href":"http:\/\/laplumedutampon.fr\/index.php?rest_route=\/wp\/v2\/pages"}],"about":[{"href":"http:\/\/laplumedutampon.fr\/index.php?rest_route=\/wp\/v2\/types\/page"}],"author":[{"embeddable":true,"href":"http:\/\/laplumedutampon.fr\/index.php?rest_route=\/wp\/v2\/users\/1"}],"replies":[{"embeddable":true,"href":"http:\/\/laplumedutampon.fr\/index.php?rest_route=%2Fwp%2Fv2%2Fcomments&post=176"}],"version-history":[{"count":55,"href":"http:\/\/laplumedutampon.fr\/index.php?rest_route=\/wp\/v2\/pages\/176\/revisions"}],"predecessor-version":[{"id":3247,"href":"http:\/\/laplumedutampon.fr\/index.php?rest_route=\/wp\/v2\/pages\/176\/revisions\/3247"}],"wp:attachment":[{"href":"http:\/\/laplumedutampon.fr\/index.php?rest_route=%2Fwp%2Fv2%2Fmedia&parent=176"}],"curies":[{"name":"wp","href":"https:\/\/api.w.org\/{rel}","templated":true}]}}