{"id":213,"date":"2011-10-24T10:26:55","date_gmt":"2011-10-24T07:26:55","guid":{"rendered":"http:\/\/laplumedutampon.fr\/?page_id=213"},"modified":"2025-09-04T18:39:11","modified_gmt":"2025-09-04T15:39:11","slug":"commande-de-volants","status":"publish","type":"page","link":"http:\/\/laplumedutampon.fr\/?page_id=213","title":{"rendered":"Commande de Volants"},"content":{"rendered":"<div>\n<p><strong>Les boites de volant sont \u00e0 r\u00e9server (plus de boite disponible si elle n&rsquo;a pas \u00e9t\u00e9 demand\u00e9e au pr\u00e9alable) <\/strong><\/p>\n<ul>\n<li><strong><span style=\"text-decoration: underline;\">Ivan B<\/span> au 06 34 24 60 57\u00a0<\/strong><\/li>\n<li><strong><span style=\"text-decoration: underline;\">Nathan C<\/span> au 06 93 60 62 12\u00a0<\/strong><\/li>\n<li><strong><span style=\"text-decoration: underline;\">Par mail <\/span><\/strong>\u00a0sur laplumedutampon@gmail.com<\/li>\n<\/ul>\n<p><strong><span style=\"text-decoration: underline;\">Tarifs :<\/span><\/strong>\u00a0 <em>Vendu uniquement aux adh\u00e9rents du club<\/em><\/p>\n<p>Plume : VinaStar<b> VN99 <\/b>= 16\u20ac la boite de 12 volants plume<\/p>\n<p>Plastique : <strong>Mavis 2000<\/strong> = 10\u20ac la boite de 6 volants\u00a0<\/p>\n<\/div>\n<p style=\"text-align: right;\"><em>Mise \u00e0 jour : 22\/08\/2023<\/em><\/p>\n\n\n<p><\/p>\n","protected":false},"excerpt":{"rendered":"<p>\nLes boites de volant sont \u00e0 r\u00e9server (plus de boite disponible si elle n&rsquo;a pas \u00e9t\u00e9 demand\u00e9e au pr\u00e9alable) <\/p>\n<p>Ivan B au 06 34 24 60 57\u00a0<br \/>\nNathan C au 06 93 60 62 12\u00a0<br \/>\nPar mail \u00a0sur laplumedutampon@gmail.com<\/p>\n<p>Tarifs :\u00a0 Vendu uniquement aux adh\u00e9rents du club<br \/>\nPlume : VinaStar VN99 <\/p>\n","protected":false},"author":1,"featured_media":0,"parent":0,"menu_order":4,"comment_status":"closed","ping_status":"closed","template":"","meta":{"footnotes":""},"class_list":["post-213","page","type-page","status-publish","hentry","nodate","item-wrap"],"_links":{"self":[{"href":"http:\/\/laplumedutampon.fr\/index.php?rest_route=\/wp\/v2\/pages\/213","targetHints":{"allow":["GET"]}}],"collection":[{"href":"http:\/\/laplumedutampon.fr\/index.php?rest_route=\/wp\/v2\/pages"}],"about":[{"href":"http:\/\/laplumedutampon.fr\/index.php?rest_route=\/wp\/v2\/types\/page"}],"author":[{"embeddable":true,"href":"http:\/\/laplumedutampon.fr\/index.php?rest_route=\/wp\/v2\/users\/1"}],"replies":[{"embeddable":true,"href":"http:\/\/laplumedutampon.fr\/index.php?rest_route=%2Fwp%2Fv2%2Fcomments&post=213"}],"version-history":[{"count":30,"href":"http:\/\/laplumedutampon.fr\/index.php?rest_route=\/wp\/v2\/pages\/213\/revisions"}],"predecessor-version":[{"id":3236,"href":"http:\/\/laplumedutampon.fr\/index.php?rest_route=\/wp\/v2\/pages\/213\/revisions\/3236"}],"wp:attachment":[{"href":"http:\/\/laplumedutampon.fr\/index.php?rest_route=%2Fwp%2Fv2%2Fmedia&parent=213"}],"curies":[{"name":"wp","href":"https:\/\/api.w.org\/{rel}","templated":true}]}}