{"id":218,"date":"2011-10-24T10:33:37","date_gmt":"2011-10-24T07:33:37","guid":{"rendered":"http:\/\/laplumedutampon.fr\/?page_id=218"},"modified":"2025-08-23T10:08:03","modified_gmt":"2025-08-23T07:08:03","slug":"fiche-dinscription-2011-2012","status":"publish","type":"page","link":"http:\/\/laplumedutampon.fr\/?page_id=218","title":{"rendered":"Documents d\u2019inscription"},"content":{"rendered":"\n<hr class=\"wp-block-separator has-alpha-channel-opacity\"\/>\n\n\n\n<h3 class=\"wp-block-heading has-text-align-center\"><span style=\"color: #000000;\">\u2666\ufe0f Pensez \u00e0 bien remplir et signer tous les documents \u2666\ufe0f<\/span><\/h3>\n\n\n\n<p class=\"has-text-align-center has-black-color has-text-color has-large-font-size\"><strong>TARIFS ANNUELS (valable de septembre \u00e0 ao\u00fbt):<\/strong><\/p>\n\n\n\n<p class=\"has-large-font-size\">O <strong>Visiteurs (Licenci\u00e9(e) dans un autre club) = 70\u20ac<\/strong> = Acc\u00e8s aux cr\u00e9neaux de Jeu Libre UNIQUEMENT<\/p>\n\n\n\n<p class=\"has-large-font-size\">O <strong>ADULTE Comp\u00e9titeur = 130\u20ac<\/strong> = Licence F\u00e9d\u00e9rale + Entrainements + Jeu Libre<\/p>\n\n\n\n<p class=\"has-large-font-size\">O <strong>MINEURS &gt; 90\u20ac<\/strong> = Licence F\u00e9d\u00e9rale + Acc\u00e8s Entrainements jeune<\/p>\n\n\n\n<p><\/p>\n\n\n\n<p><\/p>\n\n\n\n<p class=\"has-text-align-center has-black-color has-text-color has-large-font-size\"><strong>Documents en t\u00e9l\u00e9chargement :<\/strong><\/p>\n\n\n\n<p class=\"has-black-color has-text-color\"><strong>MINEURS &#8212;&#8212;&#8212;&#8212;&#8212;&#8212;&#8212;&#8212;&#8212;&#8212;&#8212;&#8212;&#8212;&#8212;&#8212;&#8212;&#8212;&#8212;&#8212;&#8212;&#8212;&#8212;&#8212;&#8212;&#8212;&#8212;&#8212;&#8212;&#8212;&#8212;&#8212;&#8212;&#8212;&#8212;&#8212;<\/strong><\/p>\n\n\n\n<ul class=\"wp-block-list\">\n<li><a href=\"http:\/\/laplumedutampon.fr\/wp-content\/uploads\/1\/2025\/08\/FFBaD_FORMULAIRE_SAISON_2025-2026_MINEUR_ok-1.pdf\">FFBaD_MINEURS_Formulaire 2025-26<\/a><\/li>\n\n\n\n<li><a href=\"http:\/\/laplumedutampon.fr\/wp-content\/uploads\/1\/2025\/08\/FFBaD_-_MINEURS_QUESTIONNAIRE_SANTE-1.pdf\">FFBaD_MINEURS_Questionnaire + attestation<\/a>&nbsp;<\/li>\n\n\n\n<li><a href=\"http:\/\/laplumedutampon.fr\/wp-content\/uploads\/1\/2025\/08\/Fiche-inscription-LPT-25-26.pdf\">Club LPT_Fiche inscription 2025-26<\/a><\/li>\n\n\n\n<li><a href=\"http:\/\/laplumedutampon.fr\/wp-content\/uploads\/1\/2024\/08\/Fiche-inscription-LPT-24-25-1.pdf\">Certificat <\/a><a href=\"http:\/\/laplumedutampon.fr\/wp-content\/uploads\/1\/2024\/08\/GUI02.01F01_PSO_CertificatDeNonContre-Indication_Form.pdf\">m\u00e9dical en cas de <\/a><a href=\"http:\/\/laplumedutampon.fr\/wp-content\/uploads\/1\/2025\/08\/Certificat-medical-de-non-contre-Indication.pdf\">contre-indication<\/a><a href=\"http:\/\/laplumedutampon.fr\/wp-content\/uploads\/1\/2024\/08\/GUI02.01F01_PSO_CertificatDeNonContre-Indication_Form.pdf\"> <\/a><\/li>\n<\/ul>\n\n\n\n<p><\/p>\n\n\n\n<p class=\"has-black-color has-text-color\"><strong>ADULTES &#8212;&#8212;&#8212;&#8212;&#8212;&#8212;&#8212;&#8212;&#8212;&#8212;&#8212;&#8212;&#8212;&#8212;&#8212;&#8212;&#8212;&#8212;&#8212;&#8212;&#8212;&#8212;&#8212;&#8212;&#8212;&#8212;&#8212;&#8212;&#8212;&#8212;&#8212;&#8212;&#8212;&#8212;&#8212;<\/strong><\/p>\n\n\n\n<ul class=\"wp-block-list\">\n<li><a href=\"http:\/\/laplumedutampon.fr\/wp-content\/uploads\/1\/2025\/08\/FFBaD_FORMULAIRE_SAISON_2025-2026_ADULTE_ok-1.pdf\">FFBaD_ADULTES_Formulaire Licence_2025-26<\/a><\/li>\n\n\n\n<li><a href=\"http:\/\/laplumedutampon.fr\/wp-content\/uploads\/1\/2025\/08\/FFBaD_-_ADULTES_QUESTIONNAIRE_SANTE-2.pdf\">FFBaD_ADULTES_Questionnaire + attestation<\/a><\/li>\n\n\n\n<li><a href=\"http:\/\/laplumedutampon.fr\/wp-content\/uploads\/1\/2025\/08\/Fiche-inscription-LPT-25-26.pdf\">Club LPT_Fiche inscription 2025-26<\/a><\/li>\n\n\n\n<li><a href=\"http:\/\/laplumedutampon.fr\/wp-content\/uploads\/1\/2024\/08\/GUI02.01F01_PSO_CertificatDeNonContre-Indication_Form.pdf\">Certificat m\u00e9dical en cas de contre-indication <\/a><\/li>\n<\/ul>\n\n\n\n<p><\/p>\n\n\n\n<p class=\"has-text-align-center\">\u203c\ufe0f<span style=\"text-decoration: underline;\"> <strong>Toute personne souhaitant s\u2019inscrire a droit \u00e0 3 s\u00e9ances d\u2019essais.<\/strong><\/span><\/p>\n\n\n\n<div data-wp-interactive=\"core\/file\" class=\"wp-block-file\"><object data-wp-bind--hidden=\"!state.hasPdfPreview\" hidden class=\"wp-block-file__embed\" data=\"http:\/\/laplumedutampon.fr\/wp-content\/uploads\/1\/2025\/08\/Fiche-inscription-LPT-25-26.pdf\" type=\"application\/pdf\" style=\"width:100%;height:600px\" aria-label=\"Contenu embarqu\u00e9 Fiche inscription lpt 25 26.\"><\/object><a id=\"wp-block-file--media-47522bab-0113-4974-b8a1-05b23d1475e1\" href=\"http:\/\/laplumedutampon.fr\/wp-content\/uploads\/1\/2025\/08\/Fiche-inscription-LPT-25-26.pdf\">Fiche inscription lpt 25 26<\/a><a href=\"http:\/\/laplumedutampon.fr\/wp-content\/uploads\/1\/2025\/08\/Fiche-inscription-LPT-25-26.pdf\" class=\"wp-block-file__button wp-element-button\" download aria-describedby=\"wp-block-file--media-47522bab-0113-4974-b8a1-05b23d1475e1\">T\u00e9l\u00e9charger<\/a><\/div>\n\n\n\n<p><\/p>\n\n\n\n<p class=\"has-text-align-right\"><em>Mise \u00e0 jour : 22 ao\u00fbt 2023<\/em><\/p>\n","protected":false},"excerpt":{"rendered":"<p>\n\u2666\ufe0f Pensez \u00e0 bien remplir et signer tous les documents \u2666\ufe0f<\/p>\n<p>TARIFS ANNUELS (valable de septembre \u00e0 ao\u00fbt):<\/p>\n<p>O Visiteurs (Licenci\u00e9(e) dans un autre club) = 70\u20ac = Acc\u00e8s aux cr\u00e9neaux de Jeu Libre UNIQUEMENT<\/p>\n<p>O ADULTE Comp\u00e9titeur = 130\u20ac = <\/p>\n","protected":false},"author":1,"featured_media":0,"parent":1440,"menu_order":2,"comment_status":"closed","ping_status":"closed","template":"","meta":{"footnotes":""},"class_list":["post-218","page","type-page","status-publish","hentry","nodate","item-wrap"],"_links":{"self":[{"href":"http:\/\/laplumedutampon.fr\/index.php?rest_route=\/wp\/v2\/pages\/218","targetHints":{"allow":["GET"]}}],"collection":[{"href":"http:\/\/laplumedutampon.fr\/index.php?rest_route=\/wp\/v2\/pages"}],"about":[{"href":"http:\/\/laplumedutampon.fr\/index.php?rest_route=\/wp\/v2\/types\/page"}],"author":[{"embeddable":true,"href":"http:\/\/laplumedutampon.fr\/index.php?rest_route=\/wp\/v2\/users\/1"}],"replies":[{"embeddable":true,"href":"http:\/\/laplumedutampon.fr\/index.php?rest_route=%2Fwp%2Fv2%2Fcomments&post=218"}],"version-history":[{"count":68,"href":"http:\/\/laplumedutampon.fr\/index.php?rest_route=\/wp\/v2\/pages\/218\/revisions"}],"predecessor-version":[{"id":3233,"href":"http:\/\/laplumedutampon.fr\/index.php?rest_route=\/wp\/v2\/pages\/218\/revisions\/3233"}],"up":[{"embeddable":true,"href":"http:\/\/laplumedutampon.fr\/index.php?rest_route=\/wp\/v2\/pages\/1440"}],"wp:attachment":[{"href":"http:\/\/laplumedutampon.fr\/index.php?rest_route=%2Fwp%2Fv2%2Fmedia&parent=218"}],"curies":[{"name":"wp","href":"https:\/\/api.w.org\/{rel}","templated":true}]}}