{"id":2783,"date":"2020-09-29T14:59:00","date_gmt":"2020-09-29T11:59:00","guid":{"rendered":"http:\/\/laplumedutampon.fr\/?page_id=2783"},"modified":"2024-08-07T17:56:26","modified_gmt":"2024-08-07T14:56:26","slug":"renouvellement-licence","status":"publish","type":"page","link":"http:\/\/laplumedutampon.fr\/?page_id=2783","title":{"rendered":"Renouvellement Licence"},"content":{"rendered":"\n<p>Si vous \u00e9tiez inscrit \u00e0 La Plume du Tampon l&rsquo;ann\u00e9e derni\u00e8re, vous avez la possibilit\u00e9 de renouveler votre licence en ligne ou \u00ab\u00a0en papier\u00a0\u00bb. <\/p>\n\n\n\n<ul class=\"wp-block-list\">\n<li>Pour renouveler en ligne, c&rsquo;est tr\u00e8s simple \ud83d\ude42 Connectez-vous directement \u00e0 votre compte <a href=\"https:\/\/myffbad.fr\/connexion\"><strong>MyFFaD<\/strong><\/a> et suivez les instructions du site. Vous devrez alors t\u00e9l\u00e9charger les <a href=\"http:\/\/laplumedutampon.fr\/?page_id=218\"><strong>documents d&rsquo;inscription<\/strong><\/a> (prise de licence LPT+FFBaD et le certificat m\u00e9dical si + de 3 ans) dans l&rsquo;application. Pour le moment, le paiement n&rsquo;est pas possible en ligne (tr\u00e8s bient\u00f4t) et devra se faire sur un cr\u00e9neau avec un membre du bureau.<\/li>\n<\/ul>\n\n\n\n<ul class=\"wp-block-list\">\n<li>Pour renouveler en version papier, il suffit de t\u00e9l\u00e9charger les <a href=\"http:\/\/laplumedutampon.fr\/?page_id=218\"><strong>documents d&rsquo;inscriptions<\/strong><\/a> (prise de licence LPT+FFBaD et le certificat m\u00e9dical si + de 3 ans), de les remplir et de ramener le tout avec la cotisation sur un cr\u00e9neau avec l&rsquo;un des membres du bureau \ud83d\ude42 <\/li>\n<\/ul>\n\n\n\n<p><\/p>\n\n\n\n<p>Certificat m\u00e9dical<\/p>\n\n\n\n<p>Voici le certificat m\u00e9dical \u00e0 fournir en cas de r\u00e9ponse positive dans le formulaire de sant\u00e9.<br>Un certificat m\u00e9dical non conforme vous sera restitu\u00e9.<\/p>\n\n\n\n<div data-wp-interactive=\"core\/file\" class=\"wp-block-file\"><object data-wp-bind--hidden=\"!state.hasPdfPreview\" hidden class=\"wp-block-file__embed\" data=\"http:\/\/laplumedutampon.fr\/wp-content\/uploads\/1\/2024\/08\/GUI02.01F01_PSO_CertificatDeNonContre-Indication_Form.pdf\" type=\"application\/pdf\" style=\"width:100%;height:600px\" aria-label=\"Contenu embarqu\u00e9 Gui02.01f01 pso certificatdenoncontre indication form.\"><\/object><a id=\"wp-block-file--media-b851cb89-ad37-4849-a636-89c9f52cd474\" href=\"http:\/\/laplumedutampon.fr\/wp-content\/uploads\/1\/2024\/08\/GUI02.01F01_PSO_CertificatDeNonContre-Indication_Form.pdf\">Gui02.01f01 pso certificatdenoncontre indication form<\/a><a href=\"http:\/\/laplumedutampon.fr\/wp-content\/uploads\/1\/2024\/08\/GUI02.01F01_PSO_CertificatDeNonContre-Indication_Form.pdf\" class=\"wp-block-file__button wp-element-button\" download aria-describedby=\"wp-block-file--media-b851cb89-ad37-4849-a636-89c9f52cd474\">T\u00e9l\u00e9charger<\/a><\/div>\n","protected":false},"excerpt":{"rendered":"<p>\nSi vous \u00e9tiez inscrit \u00e0 La Plume du Tampon l&rsquo;ann\u00e9e derni\u00e8re, vous avez la possibilit\u00e9 de renouveler votre licence en ligne ou \u00ab\u00a0en papier\u00a0\u00bb. <\/p>\n<p>\nPour renouveler en ligne, c&rsquo;est tr\u00e8s simple \ud83d\ude42 Connectez-vous directement \u00e0 votre compte MyFFaD et suivez les instructions du site. Vous devrez alors t\u00e9l\u00e9charger les <\/p>\n","protected":false},"author":1,"featured_media":0,"parent":1440,"menu_order":1,"comment_status":"closed","ping_status":"closed","template":"","meta":{"footnotes":""},"class_list":["post-2783","page","type-page","status-publish","hentry","nodate","item-wrap"],"_links":{"self":[{"href":"http:\/\/laplumedutampon.fr\/index.php?rest_route=\/wp\/v2\/pages\/2783","targetHints":{"allow":["GET"]}}],"collection":[{"href":"http:\/\/laplumedutampon.fr\/index.php?rest_route=\/wp\/v2\/pages"}],"about":[{"href":"http:\/\/laplumedutampon.fr\/index.php?rest_route=\/wp\/v2\/types\/page"}],"author":[{"embeddable":true,"href":"http:\/\/laplumedutampon.fr\/index.php?rest_route=\/wp\/v2\/users\/1"}],"replies":[{"embeddable":true,"href":"http:\/\/laplumedutampon.fr\/index.php?rest_route=%2Fwp%2Fv2%2Fcomments&post=2783"}],"version-history":[{"count":3,"href":"http:\/\/laplumedutampon.fr\/index.php?rest_route=\/wp\/v2\/pages\/2783\/revisions"}],"predecessor-version":[{"id":3187,"href":"http:\/\/laplumedutampon.fr\/index.php?rest_route=\/wp\/v2\/pages\/2783\/revisions\/3187"}],"up":[{"embeddable":true,"href":"http:\/\/laplumedutampon.fr\/index.php?rest_route=\/wp\/v2\/pages\/1440"}],"wp:attachment":[{"href":"http:\/\/laplumedutampon.fr\/index.php?rest_route=%2Fwp%2Fv2%2Fmedia&parent=2783"}],"curies":[{"name":"wp","href":"https:\/\/api.w.org\/{rel}","templated":true}]}}