{"id":2795,"date":"2020-10-13T14:12:33","date_gmt":"2020-10-13T11:12:33","guid":{"rendered":"http:\/\/laplumedutampon.fr\/?page_id=2795"},"modified":"2020-10-13T14:13:15","modified_gmt":"2020-10-13T11:13:15","slug":"reglement-interieur","status":"publish","type":"page","link":"https:\/\/laplumedutampon.fr\/?page_id=2795","title":{"rendered":"R\u00e8glement int\u00e9rieur"},"content":{"rendered":"\n<p><strong>R\u00e8glement\nint\u00e9rieur de La Plume du Tampon&nbsp;:<\/strong><strong><\/strong><\/p>\n\n\n\n<p><strong>Article\n1&nbsp;: ADHESION<\/strong>&nbsp;: L\u2019inscription est valable pour une saison (de septembre \u00e0 ao\u00fbt de\nl\u2019ann\u00e9e suivante).&nbsp; L\u2019adh\u00e9sion au club\nn\u2019est effective qu\u2019apr\u00e8s remise du dossier complet (fiche d\u2019inscription et\ndemande de licence compl\u00e9t\u00e9es et sign\u00e9es, certificat m\u00e9dical et la cotisation).\nCette inscription ne pourra faire l\u2019objet d\u2019aucun remboursement. <\/p>\n\n\n\n<p><strong>Article 2&nbsp;:\nBENEVOLAT<\/strong>&nbsp;: Tous les\ndirigeants et entraineurs sont b\u00e9n\u00e9voles. Les dirigeants sont \u00e0 disposition des\nmembres pour le bon fonctionnement du Club et satisfaire aux demandes,\nsollicitations diverses. En contrepartie, il est demand\u00e9 aux membres et aux\nparents de jeunes de respecter les actions et d\u00e9cisions\ndes membres \u00e9lus et des entra\u00eeneurs du fait de leur investissement. Afin\nd\u2019organiser diff\u00e9rents \u00e9v\u00e8nements durant l\u2019ann\u00e9e, chaque membre se doit de\nparticiper \u00e0 la vie associative du Club en fonction de ses propres moyens en\ntemps ou en comp\u00e9tences. Ceci implique notamment de se pr\u00e9senter ou de se\nfaire repr\u00e9senter \u00e0 l\u2019Assembl\u00e9e G\u00e9n\u00e9rale du club. L\u2019absence d\u2019implication\ndes membres et\/ou des parents des jeunes pourra remettre en question la mise en\nplace de l\u2019\u00e9v\u00e8nement.<strong><\/strong><\/p>\n\n\n\n<p><strong>Article 3&nbsp;:\nCRENEAUX &amp; HORAIRE <\/strong>: Les\nhoraires doivent \u00eatre respect\u00e9s sous peine de sanction de la mairie. Il est\ndonc interdit d\u2019acc\u00e9der au gymnase avant 17h15. Lors des cr\u00e9neaux, tous les membres doivent\ncontribuer au montage et d\u00e9montage des terrains. Ils se doivent \u00e9galement de respecter\net de prendre soin du mat\u00e9riel (poteaux, filets, raquettes) ainsi que des\nlocaux mis \u00e0 disposition (ramassage des volants usag\u00e9s). En cas\nd\u2019affluence (si des personnes n\u2019ont pas de terrain de libre), les matchs en double\nseront favoris\u00e9s, en assurant une rotation \u00e0 la fin du match. <\/p>\n\n\n\n<p><strong>Article 4&nbsp;:\nMINEUR<\/strong>&nbsp;: <strong>Aucun adh\u00e9rent\nmineur ne pourra \u00eatre inscrit sans autorisation parentale ou du tuteur l\u00e9gal.<\/strong>\nLes parents des adh\u00e9rents mineurs ou les tuteurs l\u00e9gaux doivent s&rsquo;assurer de\nla pr\u00e9sence du r\u00e9f\u00e9rent de salle, ou \u00e9ducateurs, avant d&rsquo;y laisser leurs\nenfants. La Plume du Tampon d\u00e9cline toute responsabilit\u00e9 en cas d\u2019incident\nsurvenant en dehors des heures de s\u00e9ances et en dehors des installations\nsportives. <\/p>\n\n\n\n<p><strong>Article5&nbsp;:\nRESPONSABLE CRENEAUX<\/strong>&nbsp;: Chaque\ncr\u00e9neau est encadr\u00e9 par un ou plusieurs r\u00e9f\u00e9rents de salle, il est charg\u00e9 de\nson bon d\u00e9roulement. Un cr\u00e9neau de jeu libre est ouvert seulement si au moins\nun responsable de cr\u00e9neau est pr\u00e9sent dans la salle. En cas d\u2019absence de\nresponsable, le cr\u00e9neau pourra \u00eatre annul\u00e9. &nbsp;<\/p>\n\n\n\n<p><strong>Article 6&nbsp;:\nCOMPORTEMENT SPORTIF<\/strong>&nbsp;: Tous\nles membres se doivent de respecter son ou ses adversaires et partenaires (<strong>fairplay, langage correct, faire attention\n\u00e0 ne pas passer sur les autres terrains\u2026).<\/strong> Chaque adh\u00e9rent comprend qu\u2019il\nrepr\u00e9sente le Club et ses valeurs, et s\u2019efforcera donc d\u2019avoir en toutes\ncirconstances une attitude fair-play et conviviale, que ce soit pendant les\ncr\u00e9neaux horaires ou pendant les rencontres internes ou externes. Tout licenci\u00e9\npr\u00e9sentant un mauvais esprit et\/ou mauvais comportement pourra \u00eatre sanctionn\u00e9.<\/p>\n\n\n\n<p><strong>Article 7\n: TENUE<\/strong>&nbsp;: Tous les membres du club doivent rev\u00eatir une tenue de sport correcte, et\ncompatible avec la pratique du badminton (chaussures de salle non-marquantes\nexig\u00e9es). Le port de la casquette\nest interdit.<\/p>\n\n\n\n<p><strong>Article 8&nbsp;:\nCOMPETITION<\/strong>&nbsp;: Pour toute\ncomp\u00e9tition, le joueur doit s\u2019inscrire (par \u00e9crit, c\u00e0d&nbsp;: sms ou mail)\naupr\u00e8s du responsable charg\u00e9 des inscriptions en tournois avant la date. Tout membre peut se d\u00e9sister librement avant la date de fin des\ninscriptions, en informant le responsable des comp\u00e9titions. Apr\u00e8s cette date,\nle membre qui veut se d\u00e9sister doit entrer personnellement en contact avec les\norganisateurs du tournoi. <strong>Toute absence non justifi\u00e9e \u00e0 une comp\u00e9tition\nentra\u00eene une suspension et une amende, qui devra \u00eatre r\u00e9gl\u00e9e par le joueur\nconcern\u00e9.<\/strong> <\/p>\n\n\n\n<p><strong>Article 9&nbsp;:\nJOUEUR EXTERIEUR ET ESSAI<\/strong>&nbsp;: Le\nClub permet aux joueurs licenci\u00e9s dans d\u2019autres club de b\u00e9n\u00e9ficier des cr\u00e9neaux\nde l\u2019association (apr\u00e8s validation par le Bureau et paiement de la cotisation\n\u00ab&nbsp;invit\u00e9&nbsp;\u00bb). Chaque membre peut inviter exceptionnellement une\npersonne d\u00e9j\u00e0 licenci\u00e9e dans un autre club lors des s\u00e9ances de Jeu Libre (apr\u00e8s\nvalidation par le Bureau). De m\u00eame, une personne non-licenci\u00e9e\npeut venir faire un essai lors d\u2019un cr\u00e9neau (dans la limite de trois s\u00e9ances\nd\u2019essai).<\/p>\n\n\n\n<p><strong>Article 10&nbsp;:\nSANCTIONS<\/strong>&nbsp;: Le Bureau se\nr\u00e9serve le droit d\u2019exclure, apr\u00e8s avoir mis en garde, un adh\u00e9rent ne respectant\npas le pr\u00e9sent r\u00e8glement, sans\nremboursement quel qu\u2019il soit. <strong>Un membre peut \u00eatre exclu pour les motifs suivants (non-exhaustif)<\/strong> : mat\u00e9riel d\u00e9t\u00e9rior\u00e9, comportement dangereux, propos d\u00e9sobligeants\nenvers les autres membres, comportement non conforme avec l\u2019\u00e9thique de\nl\u2019association, non-respect du r\u00e8glement int\u00e9rieur. <\/p>\n","protected":false},"excerpt":{"rendered":"<p>\nR\u00e8glement<br \/>\nint\u00e9rieur de La Plume du Tampon&nbsp;:<\/p>\n<p>Article<br \/>\n1&nbsp;: ADHESION&nbsp;: L\u2019inscription est valable pour une saison (de septembre \u00e0 ao\u00fbt de<br \/>\nl\u2019ann\u00e9e suivante).&nbsp; L\u2019adh\u00e9sion au club<br \/>\nn\u2019est effective qu\u2019apr\u00e8s remise du dossier complet (fiche d\u2019inscription et<br \/>\ndemande de licence compl\u00e9t\u00e9es et sign\u00e9es, certificat m\u00e9dical et la cotisation).<br \/>\nCette inscription ne pourra <\/p>\n","protected":false},"author":1,"featured_media":0,"parent":1440,"menu_order":3,"comment_status":"closed","ping_status":"closed","template":"","meta":{"footnotes":""},"class_list":["post-2795","page","type-page","status-publish","hentry","nodate","item-wrap"],"_links":{"self":[{"href":"https:\/\/laplumedutampon.fr\/index.php?rest_route=\/wp\/v2\/pages\/2795","targetHints":{"allow":["GET"]}}],"collection":[{"href":"https:\/\/laplumedutampon.fr\/index.php?rest_route=\/wp\/v2\/pages"}],"about":[{"href":"https:\/\/laplumedutampon.fr\/index.php?rest_route=\/wp\/v2\/types\/page"}],"author":[{"embeddable":true,"href":"https:\/\/laplumedutampon.fr\/index.php?rest_route=\/wp\/v2\/users\/1"}],"replies":[{"embeddable":true,"href":"https:\/\/laplumedutampon.fr\/index.php?rest_route=%2Fwp%2Fv2%2Fcomments&post=2795"}],"version-history":[{"count":1,"href":"https:\/\/laplumedutampon.fr\/index.php?rest_route=\/wp\/v2\/pages\/2795\/revisions"}],"predecessor-version":[{"id":2796,"href":"https:\/\/laplumedutampon.fr\/index.php?rest_route=\/wp\/v2\/pages\/2795\/revisions\/2796"}],"up":[{"embeddable":true,"href":"https:\/\/laplumedutampon.fr\/index.php?rest_route=\/wp\/v2\/pages\/1440"}],"wp:attachment":[{"href":"https:\/\/laplumedutampon.fr\/index.php?rest_route=%2Fwp%2Fv2%2Fmedia&parent=2795"}],"curies":[{"name":"wp","href":"https:\/\/api.w.org\/{rel}","templated":true}]}}