{"id":3077,"date":"2024-06-05T08:54:01","date_gmt":"2024-06-05T05:54:01","guid":{"rendered":"https:\/\/laplumedutampon.fr\/?page_id=3077"},"modified":"2024-07-01T14:27:17","modified_gmt":"2024-07-01T11:27:17","slug":"2023-2024","status":"publish","type":"page","link":"https:\/\/laplumedutampon.fr\/?page_id=3077","title":{"rendered":"2023-2024"},"content":{"rendered":"\n<p>Le club de la plume du tampon est une structure visant avant tout le loisir, mais aussi la comp\u00e9tition. Parmi les nombreuses comp\u00e9titions qui ont pu avoir lieu au cours de cette ann\u00e9e 2023-2024, le tampon a brill\u00e9 dans des tournois interclubs, par \u00e9quipe, ou les comp\u00e9titions individuelles, et cela que ce soit chez les s\u00e9niors, ou m\u00eame chez les plus petits qui constituent la rel\u00e8ve de demain.<\/p>\n\n\n\n<h2 class=\"wp-block-heading\">INTERCLUBS<\/h2>\n\n\n\n<p>Nous retrouvons de belles performances au niveau des interclubs, avec :<\/p>\n\n\n\n<p>Nos jeunes arriv\u00e9s premiers des interclubs U15, Cl\u00e9ment L., Thibault L., Romain B., et Margot B, en battant Saint Paul au set-average apr\u00e8s \u00e9galit\u00e9 2-2.<\/p>\n\n\n\n<figure class=\"wp-block-image size-full is-resized\"><img loading=\"lazy\" decoding=\"async\" width=\"868\" height=\"689\" src=\"https:\/\/laplumedutampon.fr\/wp-content\/uploads\/1\/2024\/06\/image.png\" alt=\"\" class=\"wp-image-3106\" style=\"width:316px;height:auto\" srcset=\"https:\/\/laplumedutampon.fr\/wp-content\/uploads\/1\/2024\/06\/image.png 868w, https:\/\/laplumedutampon.fr\/wp-content\/uploads\/1\/2024\/06\/image-300x238.png 300w, https:\/\/laplumedutampon.fr\/wp-content\/uploads\/1\/2024\/06\/image-750x595.png 750w\" sizes=\"auto, (max-width: 868px) 100vw, 868px\" \/><\/figure>\n\n\n\n<p><\/p>\n\n\n\n<p>Nos s\u00e9niors de l&rsquo;\u00e9quipe 2 dans la division promotion qui ont d\u00e9croch\u00e9 la premi\u00e8re place en interclubs. F\u00e9licitatins \u00e0 Karen A., Manon V., Ang\u00e9lique G., Gary, Henry D., Jean-Claude L., Pierre D., Th\u00e9o D.<\/p>\n\n\n\n<figure class=\"wp-block-image size-full is-resized\"><img loading=\"lazy\" decoding=\"async\" width=\"1024\" height=\"576\" src=\"https:\/\/laplumedutampon.fr\/wp-content\/uploads\/1\/2024\/06\/image-1.png\" alt=\"\" class=\"wp-image-3109\" style=\"width:338px;height:auto\" srcset=\"https:\/\/laplumedutampon.fr\/wp-content\/uploads\/1\/2024\/06\/image-1.png 1024w, https:\/\/laplumedutampon.fr\/wp-content\/uploads\/1\/2024\/06\/image-1-300x169.png 300w, https:\/\/laplumedutampon.fr\/wp-content\/uploads\/1\/2024\/06\/image-1-750x422.png 750w\" sizes=\"auto, (max-width: 1024px) 100vw, 1024px\" \/><\/figure>\n\n\n\n<p><\/p>\n\n\n\n<p>Nos s\u00e9niors de l&rsquo;\u00e9quipe 1 d&rsquo;interclubs dans la division \u00e9lite, arriv\u00e9e en troisi\u00e8me position en battant l&rsquo;ABCD 2 sur le score de 4 \u00e0 2 lors de la petite finale.<\/p>\n\n\n\n<p>F\u00e9licitations \u00e0 Murielle F., Ivan B., Florian B., J\u00e9r\u00e9mie S., Ulrich R., Simon N. et Mathilde F.<\/p>\n\n\n\n<figure class=\"wp-block-image size-full is-resized\"><img loading=\"lazy\" decoding=\"async\" width=\"1024\" height=\"768\" src=\"https:\/\/laplumedutampon.fr\/wp-content\/uploads\/1\/2024\/06\/image-2.png\" alt=\"\" class=\"wp-image-3115\" style=\"width:331px;height:auto\" srcset=\"https:\/\/laplumedutampon.fr\/wp-content\/uploads\/1\/2024\/06\/image-2.png 1024w, https:\/\/laplumedutampon.fr\/wp-content\/uploads\/1\/2024\/06\/image-2-300x225.png 300w, https:\/\/laplumedutampon.fr\/wp-content\/uploads\/1\/2024\/06\/image-2-750x563.png 750w\" sizes=\"auto, (max-width: 1024px) 100vw, 1024px\" \/><\/figure>\n\n\n\n<p><\/p>\n\n\n\n<h2 class=\"wp-block-heading\">Tournoi de Saint Andr\u00e9<\/h2>\n\n\n\n<p>F\u00e9licitations \u00e0 : <\/p>\n\n\n\n<ul class=\"wp-block-list\">\n<li>Chlo\u00e9 S. en mixte finaliste s\u00e9rie 1 et quart de finale en simple s\u00e9rie 1<\/li>\n<\/ul>\n\n\n\n<ul class=\"wp-block-list\">\n<li>Jeremie S. vainqueur en mixte s\u00e9rie 2 et arrive en quart en double s\u00e9rie 1<\/li>\n\n\n\n<li>Murielle F. vainqueure en mixte s\u00e9rie 2 et finaliste en simple s\u00e9rie 3<\/li>\n\n\n\n<li>Florian B. finaliste en double s\u00e9rie 1 et demi-finaliste en simple s\u00e9rie 1<\/li>\n\n\n\n<li>Thibault L. en simple s\u00e9rie 3 arrive demi-finaliste<\/li>\n\n\n\n<li>Ivan B. est vainqueur en simple s\u00e9rie 3<\/li>\n\n\n\n<li>Ulrich R. en simple arrive en quart de finale simple s\u00e9rie 1<\/li>\n\n\n\n<li>Samuel en simple s\u00e9rie 2 arrive en quart de finale<\/li>\n<\/ul>\n\n\n\n<p><\/p>\n\n\n\n<h2 class=\"wp-block-heading\">Championnat de la R\u00e9union UNSS<\/h2>\n\n\n\n<p>Lors des championnats de la R\u00e9union UNSS dans la ct\u00e9gorie U13, nous avons parmi les quatre joueurs de l&rsquo;\u00e9quipe victorieuse, trois qui font partie de nos jeunes licenci\u00e9s. <\/p>\n\n\n\n<p>Nous retrouvons donc Margot B., Thibault L., et Emmanuel. <\/p>\n\n\n\n<h2 class=\"wp-block-heading\">Championnat de la R\u00e9union jeunes et v\u00e9t\u00e9rans<\/h2>\n\n\n\n<p>Nous retrouvons Romain B. vainqueur au  championnat de la R\u00e9union jeunes en double homme et en mixte.<\/p>\n\n\n\n<p>Margot remporte la m\u00e9daille d&rsquo;argent en double mixte et termine deuxi\u00e8me \u00e9galement en simple dame. \u00e9galement au championnat de la R\u00e9union jeune. <\/p>\n\n\n\n<h2 class=\"wp-block-heading\">Tournoi International du Badminton (TIB)<\/h2>\n\n\n\n<p>Nos jeunes ont brill\u00e9 lors du TIB qui s\u2019est d\u00e9roul\u00e9 du 26 juin au 30 juin 2024, nous avons notamment Romain B., qui gagne ses deux tableaux en simple et en double homme avec Kurtis A., dans le tableau Benjamin U13. Margot arrive deuxi\u00e8me en simple dame dans la cat\u00e9gorie Benjamine U13 face \u00e0 Na\u00e9ly de petite \u00eele.<\/p>\n\n\n\n<p>F\u00e9licitation \u00e9galement \u00e0 tous les participants de la plume du Tampon, qui ont fait de leur mieux pour porter les couleurs du Tampon.<\/p>\n\n\n\n<figure class=\"wp-block-image size-large is-resized\"><img loading=\"lazy\" decoding=\"async\" width=\"1024\" height=\"461\" src=\"http:\/\/laplumedutampon.fr\/wp-content\/uploads\/1\/2024\/07\/d0850694-3ff8-4524-9023-8ebdf2b32165-1024x461.jpg\" alt=\"\" class=\"wp-image-3125\" style=\"width:278px;height:auto\" srcset=\"https:\/\/laplumedutampon.fr\/wp-content\/uploads\/1\/2024\/07\/d0850694-3ff8-4524-9023-8ebdf2b32165-1024x461.jpg 1024w, https:\/\/laplumedutampon.fr\/wp-content\/uploads\/1\/2024\/07\/d0850694-3ff8-4524-9023-8ebdf2b32165-300x135.jpg 300w, https:\/\/laplumedutampon.fr\/wp-content\/uploads\/1\/2024\/07\/d0850694-3ff8-4524-9023-8ebdf2b32165-750x338.jpg 750w, https:\/\/laplumedutampon.fr\/wp-content\/uploads\/1\/2024\/07\/d0850694-3ff8-4524-9023-8ebdf2b32165.jpg 1280w\" sizes=\"auto, (max-width: 1024px) 100vw, 1024px\" \/><\/figure>\n\n\n\n<figure class=\"wp-block-image size-large is-resized\"><img loading=\"lazy\" decoding=\"async\" width=\"1024\" height=\"461\" src=\"http:\/\/laplumedutampon.fr\/wp-content\/uploads\/1\/2024\/07\/2659a106-928c-4fb8-a8c5-fb8a76e31060-1024x461.jpg\" alt=\"\" class=\"wp-image-3126\" style=\"width:278px;height:auto\" srcset=\"https:\/\/laplumedutampon.fr\/wp-content\/uploads\/1\/2024\/07\/2659a106-928c-4fb8-a8c5-fb8a76e31060-1024x461.jpg 1024w, https:\/\/laplumedutampon.fr\/wp-content\/uploads\/1\/2024\/07\/2659a106-928c-4fb8-a8c5-fb8a76e31060-300x135.jpg 300w, https:\/\/laplumedutampon.fr\/wp-content\/uploads\/1\/2024\/07\/2659a106-928c-4fb8-a8c5-fb8a76e31060-750x338.jpg 750w, https:\/\/laplumedutampon.fr\/wp-content\/uploads\/1\/2024\/07\/2659a106-928c-4fb8-a8c5-fb8a76e31060.jpg 1280w\" sizes=\"auto, (max-width: 1024px) 100vw, 1024px\" \/><\/figure>\n\n\n\n<figure class=\"wp-block-image size-large is-resized\"><img loading=\"lazy\" decoding=\"async\" width=\"1024\" height=\"461\" src=\"http:\/\/laplumedutampon.fr\/wp-content\/uploads\/1\/2024\/07\/f2885bab-1843-43af-b906-b8b132ba047f-1024x461.jpg\" alt=\"\" class=\"wp-image-3127\" style=\"width:278px;height:auto\" srcset=\"https:\/\/laplumedutampon.fr\/wp-content\/uploads\/1\/2024\/07\/f2885bab-1843-43af-b906-b8b132ba047f-1024x461.jpg 1024w, https:\/\/laplumedutampon.fr\/wp-content\/uploads\/1\/2024\/07\/f2885bab-1843-43af-b906-b8b132ba047f-300x135.jpg 300w, https:\/\/laplumedutampon.fr\/wp-content\/uploads\/1\/2024\/07\/f2885bab-1843-43af-b906-b8b132ba047f-750x338.jpg 750w, https:\/\/laplumedutampon.fr\/wp-content\/uploads\/1\/2024\/07\/f2885bab-1843-43af-b906-b8b132ba047f.jpg 1280w\" sizes=\"auto, (max-width: 1024px) 100vw, 1024px\" \/><\/figure>\n","protected":false},"excerpt":{"rendered":"<p>\nLe club de la plume du tampon est une structure visant avant tout le loisir, mais aussi la comp\u00e9tition. Parmi les nombreuses comp\u00e9titions qui ont pu avoir lieu au cours de cette ann\u00e9e 2023-2024, le tampon a brill\u00e9 dans des tournois interclubs, par \u00e9quipe, ou les comp\u00e9titions individuelles, et cela que ce soit chez <\/p>\n","protected":false},"author":1,"featured_media":0,"parent":3075,"menu_order":1,"comment_status":"closed","ping_status":"closed","template":"","meta":{"footnotes":""},"class_list":["post-3077","page","type-page","status-publish","hentry","nodate","item-wrap"],"_links":{"self":[{"href":"https:\/\/laplumedutampon.fr\/index.php?rest_route=\/wp\/v2\/pages\/3077","targetHints":{"allow":["GET"]}}],"collection":[{"href":"https:\/\/laplumedutampon.fr\/index.php?rest_route=\/wp\/v2\/pages"}],"about":[{"href":"https:\/\/laplumedutampon.fr\/index.php?rest_route=\/wp\/v2\/types\/page"}],"author":[{"embeddable":true,"href":"https:\/\/laplumedutampon.fr\/index.php?rest_route=\/wp\/v2\/users\/1"}],"replies":[{"embeddable":true,"href":"https:\/\/laplumedutampon.fr\/index.php?rest_route=%2Fwp%2Fv2%2Fcomments&post=3077"}],"version-history":[{"count":21,"href":"https:\/\/laplumedutampon.fr\/index.php?rest_route=\/wp\/v2\/pages\/3077\/revisions"}],"predecessor-version":[{"id":3133,"href":"https:\/\/laplumedutampon.fr\/index.php?rest_route=\/wp\/v2\/pages\/3077\/revisions\/3133"}],"up":[{"embeddable":true,"href":"https:\/\/laplumedutampon.fr\/index.php?rest_route=\/wp\/v2\/pages\/3075"}],"wp:attachment":[{"href":"https:\/\/laplumedutampon.fr\/index.php?rest_route=%2Fwp%2Fv2%2Fmedia&parent=3077"}],"curies":[{"name":"wp","href":"https:\/\/api.w.org\/{rel}","templated":true}]}}