{"id":382,"date":"2011-10-27T09:28:48","date_gmt":"2011-10-27T06:28:48","guid":{"rendered":"http:\/\/laplumedutampon.fr\/?page_id=382"},"modified":"2025-09-17T13:13:17","modified_gmt":"2025-09-17T10:13:17","slug":"horaires-lieu","status":"publish","type":"page","link":"https:\/\/laplumedutampon.fr\/?page_id=382","title":{"rendered":"Horaires &#038; lieu"},"content":{"rendered":"\n<p><strong>HORAIRES<\/strong><\/p>\n\n\n\n<p>Les personnes qui souhaitent effectuer un essai (3 maximum) doivent imp\u00e9rativement envoyer un mail \u00e0 la plume du tampon : laplumedutampon@gmail.com, afin de fixer les dates pour chaque essai. <\/p>\n\n\n\n<p>Jeu libre (r\u00e9serv\u00e9 aux majeurs le mardi et aux majeurs ainsi qu\u2019aux enfants sous surveillance de leurs parents le vendredi) :<br>Mardi de 17h20 \u00e0 19h30 au Gymnase du Lyc\u00e9e Pierre Lagourgue (sur 7\u00a0terrains)<br>Vendredi de 17h20 \u00e0 21h au Gymnase du Lyc\u00e9e Pierre Lagourgue (sur 5 terrains puis 7)<br>Entrainement Jeunes <br><br>5 &#8211; 18 ans (tous niveaux) : Mercredi de 16h30 \u00e0 18h30 \u00a0au Gymnase du Lyc\u00e9e avec Florian B et Ivan B.\u00a0<br>Puis jeu libre pour les jeunes de 18h30 \u00e0 19h30 le mercredi.<br><br>Entrainement Adultes (tous niveaux)<br><br>Jeudi de 19h15 \u00e0 21h15 au Gymnase du Lyc\u00e9e<\/p>\n\n\n\n<p><strong>LIEU D&rsquo;ENTRA\u00ceNEMENT (Plan)<br><\/strong><br>Tous les cr\u00e9neaux sont r\u00e9alis\u00e9s au Gymnase du Lyc\u00e9e Pierre Lagourgue \u00e0 Trois Mares.<br>&nbsp;<br>Adresse :<br>Lyc\u00e9e Pierre Lagourgue<br>Chemin Mazeau,<br>97430, Trois Mares<br>&nbsp;<br>Lien Google Map :<br>https:\/\/www.google.fr\/maps\/place\/Lyc%C3%A9e+Pierre+Lagourgue\/@-21.2580999,55.5044766,16.22z\/data=!4m5!3m4!1s0x2178754680a9a66b:0x9cb52b40e7db64c7!8m2!3d-21.2584807!4d55.5084476<\/p>\n","protected":false},"excerpt":{"rendered":"<p>\nHORAIRES<\/p>\n<p>Les personnes qui souhaitent effectuer un essai (3 maximum) doivent imp\u00e9rativement envoyer un mail \u00e0 la plume du tampon : laplumedutampon@gmail.com, afin de fixer les dates pour chaque essai. <\/p>\n<p>Jeu libre (r\u00e9serv\u00e9 aux majeurs le mardi et aux majeurs ainsi qu\u2019aux enfants sous surveillance de leurs <\/p>\n","protected":false},"author":1,"featured_media":0,"parent":0,"menu_order":2,"comment_status":"closed","ping_status":"closed","template":"","meta":{"footnotes":""},"class_list":["post-382","page","type-page","status-publish","hentry","nodate","item-wrap"],"_links":{"self":[{"href":"https:\/\/laplumedutampon.fr\/index.php?rest_route=\/wp\/v2\/pages\/382","targetHints":{"allow":["GET"]}}],"collection":[{"href":"https:\/\/laplumedutampon.fr\/index.php?rest_route=\/wp\/v2\/pages"}],"about":[{"href":"https:\/\/laplumedutampon.fr\/index.php?rest_route=\/wp\/v2\/types\/page"}],"author":[{"embeddable":true,"href":"https:\/\/laplumedutampon.fr\/index.php?rest_route=\/wp\/v2\/users\/1"}],"replies":[{"embeddable":true,"href":"https:\/\/laplumedutampon.fr\/index.php?rest_route=%2Fwp%2Fv2%2Fcomments&post=382"}],"version-history":[{"count":8,"href":"https:\/\/laplumedutampon.fr\/index.php?rest_route=\/wp\/v2\/pages\/382\/revisions"}],"predecessor-version":[{"id":3245,"href":"https:\/\/laplumedutampon.fr\/index.php?rest_route=\/wp\/v2\/pages\/382\/revisions\/3245"}],"wp:attachment":[{"href":"https:\/\/laplumedutampon.fr\/index.php?rest_route=%2Fwp%2Fv2%2Fmedia&parent=382"}],"curies":[{"name":"wp","href":"https:\/\/api.w.org\/{rel}","templated":true}]}}